{"id":1217,"date":"2015-12-10T10:47:58","date_gmt":"2015-12-10T03:47:58","guid":{"rendered":"http:\/\/www.tanzanite-international.com\/?page_id=1217"},"modified":"2015-12-10T10:53:52","modified_gmt":"2015-12-10T03:53:52","slug":"terms-conditions","status":"publish","type":"page","link":"https:\/\/www.tanzanite-international.com\/vi\/terms-conditions\/","title":{"rendered":"\u0110i\u1ec1u Kho\u1ea3n v\u00e0 \u0110i\u1ec1u Ki\u1ec7n"},"content":{"rendered":"<p><\/p>\n<p style=\"text-align: justify;\">To\u00e0n b\u1ed9 th\u00f4ng tin, t\u00e0i li\u1ec7u tr\u00ean t\u1ea5t c\u1ea3 c\u00e1c trang c\u1ee7a Website n\u00e0y \u0111\u01b0\u1ee3c b\u1ea3o h\u1ed9 theo Lu\u1eadt s\u1edf h\u1eefu tr\u00ed tu\u1ec7 c\u1ee7a Vi\u1ec7t Nam v\u00e0 c\u00e1c n\u01b0\u1edbc kh\u00e1c.<br \/>\nM\u1ed9t s\u1ed1 t\u00ean, t\u1eeb ng\u1eef, ti\u00eau \u0111\u1ec1, c\u1ee5m t\u1eeb, logo, bi\u1ec3u t\u01b0\u1ee3ng, h\u00ecnh \u1ea3nh ho\u1eb7c thi\u1ebft k\u1ebf nh\u1ea5t \u0111\u1ecbnh trong c\u00e1c trang c\u1ee7a website n\u00e0y c\u00f3 th\u1ec3 l\u00e0 m\u1ed9t ph\u1ea7n c\u1ee7a t\u00ean th\u01b0\u01a1ng m\u1ea1i, nh\u00e3n hi\u1ec7u h\u00e0ng h\u00f3a ho\u1eb7c nh\u00e3n hi\u1ec7u d\u1ecbch v\u1ee5 c\u1ee7a Tanzanite International Limited ho\u1eb7c c\u00e1c c\u00f4ng ty th\u00e0nh vi\u00ean, ho\u1eb7c Tanzanite International Limited ho\u1eb7c c\u00e1c c\u00f4ng ty th\u00e0nh vi\u00ean c\u00f3 th\u1ec3 \u0111\u00e3 \u0111\u01b0\u1ee3c c\u1ea5p ph\u00e9p \u0111\u1ec3 s\u1eed d\u1ee5ng.<\/p>\n<p style=\"text-align: justify;\">Vi\u1ec7c tr\u01b0ng b\u00e0y c\u00e1c nh\u00e3n hi\u1ec7u, t\u00ean th\u01b0\u01a1ng m\u1ea1i ho\u1eb7c nh\u00e3n hi\u1ec7u d\u1ecbch v\u1ee5 tr\u00ean c\u00e1c trang c\u1ee7a Website n\u00e0y kh\u00f4ng ng\u1ea7m \u0111\u1ecbnh v\u1edbi vi\u1ec7c c\u1ea5p ph\u00e9p s\u1eed d\u1ee5ng cho b\u1ea5t k\u1ef3 m\u1ed9t b\u00ean n\u00e0o.<br \/>\nB\u1ea1n \u0111\u01b0\u1ee3c t\u1ef1 do t\u1ea3i v\u1ec1 c\u00e1c th\u00f4ng tin, t\u00e0i li\u1ec7u \u0111\u01b0\u1ee3c \u0111\u0103ng tr\u00ean trang Website cho m\u1ee5c \u0111\u00edch kh\u00f4ng ph\u1ea3i m\u1ee5c \u0111\u00edch th\u01b0\u01a1ng m\u1ea1i, l\u01b0u tr\u1eef nh\u1ea5t th\u1eddi tr\u00ean m\u1ed9t m\u00e1y t\u00ednh duy nh\u1ea5t, v\u00e0 in ra ch\u1ec9 duy nh\u1ea5t cho m\u1ee5c \u0111\u00edch c\u00e1 nh\u00e2n c\u1ee7a b\u1ea1n. B\u1ea1n \u0111\u1ed3ng \u00fd r\u1eb1ng b\u1ea1n s\u1ebd kh\u00f4ng c\u00f3 b\u1ea5t k\u1ef3 quy\u1ec1n s\u1edf h\u1eefu n\u00e0o \u0111\u1ed1i v\u1edbi b\u1ea5t k\u1ef3 n\u1ed9i dung n\u00e0o m\u00e0 b\u1ea1n t\u1ea3i v\u1ec1.<\/p>\n<p style=\"text-align: justify;\">B\u1ea1n kh\u00f4ng \u0111\u01b0\u1ee3c quy\u1ec1n ph\u00e2n ph\u1ed1i c\u00e1c b\u1ea3n sao c\u1ee7a c\u00e1c th\u00f4ng tin t\u00e0i li\u1ec7u cho b\u1ea5t k\u1ef3 m\u1ee5c \u0111\u00edch n\u00e0o ho\u1eb7c t\u00e1i s\u1ea3n xu\u1ea5t trong b\u1ea5t k\u1ef3 trang website b\u1ea1n t\u1ea1o ra hay \u0111i\u1ec1u h\u00e0nh. B\u1ea1n \u0111\u1ed3ng \u00fd tu\u00e2n theo t\u1ea5t c\u1ea3 c\u00e1c th\u00f4ng b\u00e1o, th\u00f4ng tin v\u00e0 r\u00e0ng bu\u1ed9c li\u00ean quan \u0111\u1ebfn b\u1ea3n quy\u1ec1n c\u00f3 trong b\u1ea5t k\u1ef3 n\u1ed9i dung tr\u00ean Website n\u00e0y.<\/p>\n<p style=\"text-align: justify;\">B\u1ea5t k\u1ef3 vi\u1ec7c t\u1ea3i tr\u00e1i ph\u00e9p, chuy\u1ec3n giao, c\u00f4ng b\u1ed1, sao ch\u00e9p ho\u1eb7c s\u1eeda \u0111\u1ed5i c\u00e1c th\u00f4ng tin, t\u00e0i li\u1ec7u \u0111\u01b0\u1ee3c \u0111\u0103ng tr\u00ean Website n\u00e0y, bao g\u1ed3m nh\u00e3n hi\u1ec7u, t\u00ean th\u01b0\u01a1ng m\u1ea1i v\u00e0 nh\u00e3n hi\u1ec7u d\u1ecbch v\u1ee5 kh\u00e1c, c\u00f3 th\u1ec3 vi ph\u1ea1m ph\u00e1p lu\u1eadt qu\u1ed1c gia, th\u00f4ng lu\u1eadt ho\u1eb7c lu\u1eadt d\u00e2n s\u1ef1, lu\u1eadt th\u01b0\u01a1ng hi\u1ec7u v\u00e0 lu\u1eadt b\u1ea3n quy\u1ec1n, v\u00e0 c\u00f3 th\u1ec3 b\u1ecb truy c\u1ee9u tr\u00e1ch nhi\u1ec7m ph\u00e1p l\u00fd.<\/p>\n<p style=\"text-align: justify;\">Tanzanite International Limited c\u00f3 quy\u1ec1n kh\u1edfi ki\u1ec7n \u0111\u1ed1i v\u1edbi b\u1ea5t k\u1ef3 h\u00e0nh vi s\u1eed d\u1ee5ng tr\u00e1i ph\u00e9p t\u00ean th\u01b0\u01a1ng m\u1ea1i, nh\u00e3n hi\u1ec7u v\u00e0 h\u00ecnh \u1ea3nh c\u1ee7a Tanzanite International Limited v\u00e0 c\u00e1c c\u00f4ng ty th\u00e0nh vi\u00ean tr\u00ean Website n\u00e0y.<\/p>\n<h3 style=\"text-align: justify;\">\u0110\u01b0\u1eddng d\u1eabn li\u00ean k\u1ebft \u0111\u1ebfn c\u00e1c b\u00ean th\u1ee9 ba<\/h3>\n<p style=\"text-align: justify;\">Tanzanite International Limited kh\u00f4ng qu\u1ea3n l\u00fd b\u1ea5t k\u1ef3 trang web n\u00e0o c\u1ee7a b\u00ean th\u1ee9 ba v\u00e0 do \u0111\u00f3 kh\u00f4ng ch\u1ecbu tr\u00e1ch nhi\u1ec7m v\u1ec1 n\u1ed9i dung ho\u1eb7c b\u1ea5t k\u1ef3 \u0111\u01b0\u1eddng d\u1eabn li\u00ean k\u1ebft n\u00e0o tr\u00ean website \u0111\u01b0\u1ee3c li\u00ean k\u1ebft.<\/p>\n<p style=\"text-align: justify;\">Tanzanite International Limited cung c\u1ea5p nh\u1eefng \u0111\u01b0\u1eddng d\u1eabn li\u00ean k\u1ebft nh\u01b0 th\u1ebf ch\u1ec9 v\u1edbi m\u1ee5c \u0111\u00edch t\u1ea1o s\u1ef1 thu\u1eadn ti\u1ec7n cho b\u1ea1n v\u00e0 vi\u1ec7c \u0111\u01b0a v\u00e0o c\u00e1c \u0111\u01b0\u1eddng d\u1eabn li\u00ean k\u1ebft kh\u00f4ng ng\u1ea7m \u0111\u1ecbnh s\u1ef1 ch\u1ee9ng th\u1ef1c, ki\u1ec3m tra, x\u00e1c minh b\u1edfi Tanzanite International Limited \u0111\u1ed1i v\u1edbi website \u0111\u01b0\u1ee3c li\u00ean k\u1ebft ho\u1eb7c b\u1ea5t k\u1ef3 th\u00f4ng tin ch\u1ee9a trong website \u0111\u00f3.<\/p>\n<h3 style=\"text-align: justify;\">Quy\u1ec1n t\u1eeb ch\u1ed1i<\/h3>\n<p style=\"text-align: justify;\">Nh\u01b0 l\u00e0 m\u1ed9t \u0111i\u1ec1u ki\u1ec7n c\u1ee7a vi\u1ec7c s\u1eed d\u1ee5ng trang Website n\u00e0y, b\u1ea1n b\u1ea3o \u0111\u1ea3m v\u1edbi Tanzanite International Limited r\u1eb1ng b\u1ea1n s\u1ebd kh\u00f4ng s\u1eed d\u1ee5ng trang Website n\u00e0y cho b\u1ea5t c\u1ee9 m\u1ee5c \u0111\u00edch tr\u00e1i ph\u00e1p lu\u1eadt ho\u1eb7c b\u1ecb c\u1ea5m theo c\u00e1c \u0111i\u1ec1u kho\u1ea3n, \u0111i\u1ec1u ki\u1ec7n, v\u00e0 th\u00f4ng b\u00e1o t\u1ea1i \u0111\u00e2y.<\/p>\n<p style=\"text-align: justify;\">M\u1eb7c d\u00f9 Tanzanite International Limited c\u00f3 th\u1ec3 t\u1ea1i t\u1eebng th\u1eddi \u0111i\u1ec3m gi\u00e1m s\u00e1t ho\u1eb7c xem x\u00e9t c\u00e1c cu\u1ed9c th\u1ea3o lu\u1eadn, \u0111o\u1ea1n chat, tin \u0111\u0103ng, vi\u1ec7c trao \u0111\u1ed5i th\u00f4ng tin, c\u00e1c b\u1ea3n tin, v\u00e0 c\u00e1c th\u00f4ng tin t\u01b0\u01a1ng t\u1ef1 tr\u00ean Website n\u00e0y, nh\u01b0ng Tanzanite International Limited kh\u00f4ng c\u00f3 ngh\u0129a v\u1ee5 ph\u1ea3i th\u1ef1c hi\u1ec7n c\u00e1c vi\u1ec7c \u0111\u00f3 v\u00e0 kh\u00f4ng ch\u1ecbu tr\u00e1ch nhi\u1ec7m ph\u00e1t sinh t\u1eeb n\u1ed9i dung c\u1ee7a b\u1ea5t k\u1ef3 c\u00e1c th\u00f4ng tin nh\u01b0 tr\u00ean v\u00e0 c\u0169ng nh\u01b0 b\u1ea5t k\u1ef3 l\u1ed7i, l\u1eddi n\u00f3i x\u1ea5u, ph\u1ec9 b\u00e1ng, vu kh\u1ed1ng, thi\u1ebfu s\u00f3t, sai l\u1ec7ch, t\u1ee5c t\u0129u, khi\u00eau d\u00e2m, th\u00f4 t\u1ee5c, \u0111e d\u1ecda, ho\u1eb7c thi\u1ebfu ch\u00ednh x\u00e1c trong b\u1ea5t k\u1ef3 th\u00f4ng tin n\u00e0o tr\u00ean Website.<\/p>\n<p style=\"text-align: justify;\">B\u1ea1n kh\u00f4ng \u0111\u01b0\u1ee3c ph\u00e9p \u0111\u0103ng t\u1ea3i ho\u1eb7c chuy\u1ec3n giao th\u00f4ng tin, t\u00e0i li\u1ec7u b\u1ea5t h\u1ee3p ph\u00e1p, \u0111e d\u1ecda, b\u00f4i nh\u1ecd, n\u00f3i x\u1ea5u, t\u1ee5c t\u0129u, khi\u1ebfm nh\u00e3, k\u00edch \u0111\u1ed9ng, khi\u00eau d\u00e2m, hay x\u00fac ph\u1ea1m ho\u1eb7c b\u1ea5t k\u1ef3 th\u00f4ng tin, t\u00e0i li\u1ec7u c\u00f3 th\u1ec3 g\u00e2y ra ho\u1eb7c khuy\u1ebfn kh\u00edch c\u00e1c h\u00e0nh vi \u0111\u01b0\u1ee3c coi l\u00e0 h\u00e0nh vi vi ph\u1ea1m h\u00ecnh s\u1ef1, g\u00e2y tr\u00e1ch nhi\u1ec7m d\u00e2n s\u1ef1, ho\u1eb7c vi ph\u1ea1m ph\u00e1p lu\u1eadt b\u1ea5t k\u1ef3.<br \/>\nTanzanite International Limited s\u1ebd ho\u00e0n to\u00e0n h\u1ee3p t\u00e1c v\u1edbi b\u1ea5t k\u1ef3 c\u01a1 quan th\u1ef1c thi ph\u00e1p lu\u1eadt ho\u1eb7c theo l\u1ec7nh c\u1ee7a t\u00f2a \u00e1n trong \u0111\u00f3 y\u00eau c\u1ea7u ho\u1eb7c ch\u1ec9 \u0111\u1ea1o Tanzanite International Limited v\u1ec1 vi\u1ec7c ti\u1ebft l\u1ed9 danh t\u00ednh c\u1ee7a ng\u01b0\u1eddi \u0111\u0103ng th\u00f4ng tin ho\u1eb7c t\u00e0i li\u1ec7u \u0111\u00f3.<\/p>\n<p><\/p>","protected":false},"excerpt":{"rendered":"<p>To\u00e0n b\u1ed9 th\u00f4ng tin, t\u00e0i li\u1ec7u tr\u00ean t\u1ea5t c\u1ea3 c\u00e1c trang c\u1ee7a Website n\u00e0y \u0111\u01b0\u1ee3c b\u1ea3o h\u1ed9 theo Lu\u1eadt s\u1edf h\u1eefu tr\u00ed tu\u1ec7 c\u1ee7a Vi\u1ec7t Nam v\u00e0 c\u00e1c n\u01b0\u1edbc kh\u00e1c. M\u1ed9t s\u1ed1 t\u00ean, t\u1eeb ng\u1eef, ti\u00eau \u0111\u1ec1, c\u1ee5m t\u1eeb, logo, bi\u1ec3u t\u01b0\u1ee3ng, h\u00ecnh \u1ea3nh ho\u1eb7c thi\u1ebft k\u1ebf nh\u1ea5t \u0111\u1ecbnh trong c\u00e1c trang c\u1ee7a website n\u00e0y [&hellip;]<\/p>\n","protected":false},"author":1,"featured_media":969,"parent":0,"menu_order":0,"comment_status":"closed","ping_status":"closed","template":"term-and-conditions.php","meta":[],"acf":[],"_links":{"self":[{"href":"https:\/\/www.tanzanite-international.com\/vi\/wp-json\/wp\/v2\/pages\/1217"}],"collection":[{"href":"https:\/\/www.tanzanite-international.com\/vi\/wp-json\/wp\/v2\/pages"}],"about":[{"href":"https:\/\/www.tanzanite-international.com\/vi\/wp-json\/wp\/v2\/types\/page"}],"author":[{"embeddable":true,"href":"https:\/\/www.tanzanite-international.com\/vi\/wp-json\/wp\/v2\/users\/1"}],"replies":[{"embeddable":true,"href":"https:\/\/www.tanzanite-international.com\/vi\/wp-json\/wp\/v2\/comments?post=1217"}],"version-history":[{"count":1,"href":"https:\/\/www.tanzanite-international.com\/vi\/wp-json\/wp\/v2\/pages\/1217\/revisions"}],"predecessor-version":[{"id":1218,"href":"https:\/\/www.tanzanite-international.com\/vi\/wp-json\/wp\/v2\/pages\/1217\/revisions\/1218"}],"wp:featuredmedia":[{"embeddable":true,"href":"https:\/\/www.tanzanite-international.com\/vi\/wp-json\/wp\/v2\/media\/969"}],"wp:attachment":[{"href":"https:\/\/www.tanzanite-international.com\/vi\/wp-json\/wp\/v2\/media?parent=1217"}],"curies":[{"name":"wp","href":"https:\/\/api.w.org\/{rel}","templated":true}]}}